{"id":10,"date":"2021-02-23T11:35:36","date_gmt":"2021-02-23T11:35:36","guid":{"rendered":"https:\/\/pizza-dany.fr\/?page_id=10"},"modified":"2026-03-27T17:00:44","modified_gmt":"2026-03-27T17:00:44","slug":"home","status":"publish","type":"page","link":"https:\/\/pizza-dany.fr\/","title":{"rendered":"Pizza Dany"},"content":{"rendered":"","protected":false},"excerpt":{"rendered":"","protected":false},"author":1,"featured_media":0,"parent":0,"menu_order":0,"comment_status":"open","ping_status":"closed","template":"","meta":{"content-type":"","footnotes":""},"class_list":["post-10","page","type-page","status-publish","hentry"],"yoast_head":"<!-- This site is optimized with the Yoast SEO plugin v26.1.1 - https:\/\/yoast.com\/wordpress\/plugins\/seo\/ -->\n<title>Pizza Dany - Rive de Gier<\/title>\n<meta name=\"description\" content=\"D\u00e9lectez-vous des saveurs authentiques de l&#039;Italie chez Pizza Dany \u00e0 Rive-de-Gier. D\u00e9couvrez notre large s\u00e9lection de pizzas artisanales, pr\u00e9par\u00e9es avec des ingr\u00e9dients frais et de qualit\u00e9.\" \/>\n<meta name=\"robots\" content=\"index, follow, max-snippet:-1, max-image-preview:large, max-video-preview:-1\" \/>\n<link rel=\"canonical\" href=\"https:\/\/pizza-dany.fr\/\" \/>\n<meta property=\"og:locale\" content=\"fr_FR\" \/>\n<meta property=\"og:type\" content=\"article\" \/>\n<meta property=\"og:title\" content=\"Pizza Dany - Rive de Gier\" \/>\n<meta property=\"og:description\" content=\"D\u00e9lectez-vous des saveurs authentiques de l&#039;Italie chez Pizza Dany \u00e0 Rive-de-Gier. D\u00e9couvrez notre large s\u00e9lection de pizzas artisanales, pr\u00e9par\u00e9es avec des ingr\u00e9dients frais et de qualit\u00e9.\" \/>\n<meta property=\"og:url\" content=\"https:\/\/pizza-dany.fr\/\" \/>\n<meta property=\"og:site_name\" content=\"Pizza Dany\" \/>\n<meta property=\"article:publisher\" content=\"https:\/\/www.facebook.com\/PizzaDany42\" \/>\n<meta property=\"article:modified_time\" content=\"2026-03-27T17:00:44+00:00\" \/>\n<meta property=\"og:image\" content=\"https:\/\/pizza-dany.fr\/wp-content\/uploads\/2024\/04\/Logo-Maison500.png\" \/>\n\t<meta property=\"og:image:width\" content=\"500\" \/>\n\t<meta property=\"og:image:height\" content=\"404\" \/>\n\t<meta property=\"og:image:type\" content=\"image\/png\" \/>\n<meta name=\"twitter:card\" content=\"summary_large_image\" \/>\n<meta name=\"twitter:title\" content=\"Pizza Dany - Rive de Gier\" \/>\n<meta name=\"twitter:description\" content=\"D\u00e9lectez-vous des saveurs authentiques de l&#039;Italie chez Pizza Dany \u00e0 Rive-de-Gier. D\u00e9couvrez notre large s\u00e9lection de pizzas artisanales, pr\u00e9par\u00e9es avec des ingr\u00e9dients frais et de qualit\u00e9.\" \/>\n<meta name=\"twitter:image\" content=\"https:\/\/pizza-dany.fr\/wp-content\/uploads\/2024\/04\/Logo-Maison500.png\" \/>\n<script type=\"application\/ld+json\" class=\"yoast-schema-graph\">{\"@context\":\"https:\/\/schema.org\",\"@graph\":[{\"@type\":\"WebPage\",\"@id\":\"https:\/\/pizza-dany.fr\/\",\"url\":\"https:\/\/pizza-dany.fr\/\",\"name\":\"Pizza Dany - Rive de Gier\",\"isPartOf\":{\"@id\":\"https:\/\/pizza-dany.fr\/#website\"},\"datePublished\":\"2021-02-23T11:35:36+00:00\",\"dateModified\":\"2026-03-27T17:00:44+00:00\",\"description\":\"D\u00e9lectez-vous des saveurs authentiques de l'Italie chez Pizza Dany \u00e0 Rive-de-Gier. D\u00e9couvrez notre large s\u00e9lection de pizzas artisanales, pr\u00e9par\u00e9es avec des ingr\u00e9dients frais et de qualit\u00e9.\",\"breadcrumb\":{\"@id\":\"https:\/\/pizza-dany.fr\/#breadcrumb\"},\"inLanguage\":\"fr-FR\",\"potentialAction\":[{\"@type\":\"ReadAction\",\"target\":[\"https:\/\/pizza-dany.fr\/\"]}]},{\"@type\":\"BreadcrumbList\",\"@id\":\"https:\/\/pizza-dany.fr\/#breadcrumb\",\"itemListElement\":[{\"@type\":\"ListItem\",\"position\":1,\"name\":\"Accueil\",\"item\":\"https:\/\/pizza-dany.fr\/\"},{\"@type\":\"ListItem\",\"position\":2,\"name\":\"Pizza Dany\"}]},{\"@type\":\"WebSite\",\"@id\":\"https:\/\/pizza-dany.fr\/#website\",\"url\":\"https:\/\/pizza-dany.fr\/\",\"name\":\"Pizza Dany\",\"description\":\"Vice Champion du monde 2017 Rive de Gier\",\"publisher\":{\"@id\":\"https:\/\/pizza-dany.fr\/#organization\"},\"potentialAction\":[{\"@type\":\"SearchAction\",\"target\":{\"@type\":\"EntryPoint\",\"urlTemplate\":\"https:\/\/pizza-dany.fr\/?s={search_term_string}\"},\"query-input\":{\"@type\":\"PropertyValueSpecification\",\"valueRequired\":true,\"valueName\":\"search_term_string\"}}],\"inLanguage\":\"fr-FR\"},{\"@type\":\"Organization\",\"@id\":\"https:\/\/pizza-dany.fr\/#organization\",\"name\":\"Pizza Dany\",\"url\":\"https:\/\/pizza-dany.fr\/\",\"logo\":{\"@type\":\"ImageObject\",\"inLanguage\":\"fr-FR\",\"@id\":\"https:\/\/pizza-dany.fr\/#\/schema\/logo\/image\/\",\"url\":\"https:\/\/pizza-dany.fr\/wp-content\/uploads\/2024\/04\/Logo-Maison500.png\",\"contentUrl\":\"https:\/\/pizza-dany.fr\/wp-content\/uploads\/2024\/04\/Logo-Maison500.png\",\"width\":500,\"height\":404,\"caption\":\"Pizza Dany\"},\"image\":{\"@id\":\"https:\/\/pizza-dany.fr\/#\/schema\/logo\/image\/\"},\"sameAs\":[\"https:\/\/www.facebook.com\/PizzaDany42\"]}]}<\/script>\n<!-- \/ Yoast SEO plugin. -->","yoast_head_json":{"title":"Pizza Dany - Rive de Gier","description":"D\u00e9lectez-vous des saveurs authentiques de l'Italie chez Pizza Dany \u00e0 Rive-de-Gier. D\u00e9couvrez notre large s\u00e9lection de pizzas artisanales, pr\u00e9par\u00e9es avec des ingr\u00e9dients frais et de qualit\u00e9.","robots":{"index":"index","follow":"follow","max-snippet":"max-snippet:-1","max-image-preview":"max-image-preview:large","max-video-preview":"max-video-preview:-1"},"canonical":"https:\/\/pizza-dany.fr\/","og_locale":"fr_FR","og_type":"article","og_title":"Pizza Dany - Rive de Gier","og_description":"D\u00e9lectez-vous des saveurs authentiques de l'Italie chez Pizza Dany \u00e0 Rive-de-Gier. D\u00e9couvrez notre large s\u00e9lection de pizzas artisanales, pr\u00e9par\u00e9es avec des ingr\u00e9dients frais et de qualit\u00e9.","og_url":"https:\/\/pizza-dany.fr\/","og_site_name":"Pizza Dany","article_publisher":"https:\/\/www.facebook.com\/PizzaDany42","article_modified_time":"2026-03-27T17:00:44+00:00","og_image":[{"width":500,"height":404,"url":"https:\/\/pizza-dany.fr\/wp-content\/uploads\/2024\/04\/Logo-Maison500.png","type":"image\/png"}],"twitter_card":"summary_large_image","twitter_title":"Pizza Dany - Rive de Gier","twitter_description":"D\u00e9lectez-vous des saveurs authentiques de l'Italie chez Pizza Dany \u00e0 Rive-de-Gier. D\u00e9couvrez notre large s\u00e9lection de pizzas artisanales, pr\u00e9par\u00e9es avec des ingr\u00e9dients frais et de qualit\u00e9.","twitter_image":"https:\/\/pizza-dany.fr\/wp-content\/uploads\/2024\/04\/Logo-Maison500.png","schema":{"@context":"https:\/\/schema.org","@graph":[{"@type":"WebPage","@id":"https:\/\/pizza-dany.fr\/","url":"https:\/\/pizza-dany.fr\/","name":"Pizza Dany - Rive de Gier","isPartOf":{"@id":"https:\/\/pizza-dany.fr\/#website"},"datePublished":"2021-02-23T11:35:36+00:00","dateModified":"2026-03-27T17:00:44+00:00","description":"D\u00e9lectez-vous des saveurs authentiques de l'Italie chez Pizza Dany \u00e0 Rive-de-Gier. D\u00e9couvrez notre large s\u00e9lection de pizzas artisanales, pr\u00e9par\u00e9es avec des ingr\u00e9dients frais et de qualit\u00e9.","breadcrumb":{"@id":"https:\/\/pizza-dany.fr\/#breadcrumb"},"inLanguage":"fr-FR","potentialAction":[{"@type":"ReadAction","target":["https:\/\/pizza-dany.fr\/"]}]},{"@type":"BreadcrumbList","@id":"https:\/\/pizza-dany.fr\/#breadcrumb","itemListElement":[{"@type":"ListItem","position":1,"name":"Accueil","item":"https:\/\/pizza-dany.fr\/"},{"@type":"ListItem","position":2,"name":"Pizza Dany"}]},{"@type":"WebSite","@id":"https:\/\/pizza-dany.fr\/#website","url":"https:\/\/pizza-dany.fr\/","name":"Pizza Dany","description":"Vice Champion du monde 2017 Rive de Gier","publisher":{"@id":"https:\/\/pizza-dany.fr\/#organization"},"potentialAction":[{"@type":"SearchAction","target":{"@type":"EntryPoint","urlTemplate":"https:\/\/pizza-dany.fr\/?s={search_term_string}"},"query-input":{"@type":"PropertyValueSpecification","valueRequired":true,"valueName":"search_term_string"}}],"inLanguage":"fr-FR"},{"@type":"Organization","@id":"https:\/\/pizza-dany.fr\/#organization","name":"Pizza Dany","url":"https:\/\/pizza-dany.fr\/","logo":{"@type":"ImageObject","inLanguage":"fr-FR","@id":"https:\/\/pizza-dany.fr\/#\/schema\/logo\/image\/","url":"https:\/\/pizza-dany.fr\/wp-content\/uploads\/2024\/04\/Logo-Maison500.png","contentUrl":"https:\/\/pizza-dany.fr\/wp-content\/uploads\/2024\/04\/Logo-Maison500.png","width":500,"height":404,"caption":"Pizza Dany"},"image":{"@id":"https:\/\/pizza-dany.fr\/#\/schema\/logo\/image\/"},"sameAs":["https:\/\/www.facebook.com\/PizzaDany42"]}]}},"_links":{"self":[{"href":"https:\/\/pizza-dany.fr\/index.php?rest_route=\/wp\/v2\/pages\/10","targetHints":{"allow":["GET"]}}],"collection":[{"href":"https:\/\/pizza-dany.fr\/index.php?rest_route=\/wp\/v2\/pages"}],"about":[{"href":"https:\/\/pizza-dany.fr\/index.php?rest_route=\/wp\/v2\/types\/page"}],"author":[{"embeddable":true,"href":"https:\/\/pizza-dany.fr\/index.php?rest_route=\/wp\/v2\/users\/1"}],"replies":[{"embeddable":true,"href":"https:\/\/pizza-dany.fr\/index.php?rest_route=%2Fwp%2Fv2%2Fcomments&post=10"}],"version-history":[{"count":1,"href":"https:\/\/pizza-dany.fr\/index.php?rest_route=\/wp\/v2\/pages\/10\/revisions"}],"predecessor-version":[{"id":128,"href":"https:\/\/pizza-dany.fr\/index.php?rest_route=\/wp\/v2\/pages\/10\/revisions\/128"}],"wp:attachment":[{"href":"https:\/\/pizza-dany.fr\/index.php?rest_route=%2Fwp%2Fv2%2Fmedia&parent=10"}],"curies":[{"name":"wp","href":"https:\/\/api.w.org\/{rel}","templated":true}]}}